{"id":11,"date":"2025-08-31T15:11:51","date_gmt":"2025-08-31T13:11:51","guid":{"rendered":"http:\/\/localhost:8888\/mauriciorugelesschoonewolff\/?page_id=11"},"modified":"2025-08-31T15:21:35","modified_gmt":"2025-08-31T13:21:35","slug":"accueil","status":"publish","type":"page","link":"https:\/\/mauriciorugelesschoonewolff.com\/","title":{"rendered":"Accueil"},"content":{"rendered":"\n\n\t\t\t<!-- START Hero Image REVOLUTION SLIDER 6.4.6 --><p class=\"rs-p-wp-fix\"><\/p>\n\t\t\t<rs-module-wrap id=\"rev_slider_2_1_wrapper\" data-source=\"gallery\" style=\"background:transparent;padding:0;margin:0px auto;margin-top:0;margin-bottom:0;\">\n\t\t\t\t<rs-module id=\"rev_slider_2_1\" style=\"\" data-version=\"6.4.6\">\n\t\t\t\t\t<rs-slides>\n\t\t\t\t\t\t<rs-slide data-key=\"rs-2\" data-title=\"Slide\" data-in=\"o:0;\" data-out=\"a:false;\">\n\t\t\t\t\t\t\t<img decoding=\"async\" src=\"\/\/mauriciorugelesschoonewolff.com\/wp-content\/uploads\/2025\/05\/Screenshot-2025-05-11-at-12.06.07.png\" class=\"rev-slidebg tp-rs-img\" data-no-retina>\n<!--\n\t\t\t\t\t\t\t--><rs-layer\n\t\t\t\t\t\t\t\tid=\"slider-2-slide-2-layer-0\" \n\t\t\t\t\t\t\t\tdata-type=\"shape\"\n\t\t\t\t\t\t\t\tdata-rsp_ch=\"on\"\n\t\t\t\t\t\t\t\tdata-xy=\"xo:-793px,-711px,-711px,-218px;yo:-76px,-214px,-214px,-91px;\"\n\t\t\t\t\t\t\t\tdata-text=\"w:normal;s:20,16,16,7;l:0,20,20,9;\"\n\t\t\t\t\t\t\t\tdata-dim=\"w:2526,2516px,2516px,1355px;h:1251,1184px,1184px,1123px;\"\n\t\t\t\t\t\t\t\tdata-frame_999=\"o:0;st:w;\"\n\t\t\t\t\t\t\t\tstyle=\"z-index:8;background:linear-gradient(90deg, rgba(247,247,247,1) 0%, rgba(247,247,247,0.5) 90%, rgba(215,215,215,0.5) 100%);\"\n\t\t\t\t\t\t\t> \n\t\t\t\t\t\t\t<\/rs-layer><!--\n\n\t\t\t\t\t\t\t--><rs-layer\n\t\t\t\t\t\t\t\tid=\"slider-2-slide-2-layer-1\" \n\t\t\t\t\t\t\t\tdata-type=\"text\"\n\t\t\t\t\t\t\t\tdata-color=\"#a69d93\"\n\t\t\t\t\t\t\t\tdata-rsp_ch=\"on\"\n\t\t\t\t\t\t\t\tdata-xy=\"x:c;xo:-140px,-115px,-115px,0;yo:170px,140px,140px,200px;\"\n\t\t\t\t\t\t\t\tdata-text=\"w:normal;s:47,38,38,32;l:42,34,34,30;fw:700;a:right,right,right,center;\"\n\t\t\t\t\t\t\t\tdata-frame_999=\"o:0;st:w;\"\n\t\t\t\t\t\t\t\tstyle=\"z-index:9;font-family:Montserrat;\"\n\t\t\t\t\t\t\t>DR MAURICIO RUGELES<br \/>\nSCHOONEWOLFF \n\t\t\t\t\t\t\t<\/rs-layer><!--\n\n\t\t\t\t\t\t\t--><rs-layer\n\t\t\t\t\t\t\t\tid=\"slider-2-slide-2-layer-2\" \n\t\t\t\t\t\t\t\tdata-type=\"text\"\n\t\t\t\t\t\t\t\tdata-color=\"#0c0c0c\"\n\t\t\t\t\t\t\t\tdata-rsp_ch=\"on\"\n\t\t\t\t\t\t\t\tdata-xy=\"x:c;xo:-50px,-41px,-41px,0;yo:270px,222px,222px,290px;\"\n\t\t\t\t\t\t\t\tdata-text=\"w:normal;s:22,18,18,16;l:24,19,19,8;ls:1,0,1,0;fw:500;\"\n\t\t\t\t\t\t\t\tdata-dim=\"minh:0px,none,0px,none;\"\n\t\t\t\t\t\t\t\tdata-frame_999=\"o:0;st:w;\"\n\t\t\t\t\t\t\t\tstyle=\"z-index:10;font-family:Roboto;\"\n\t\t\t\t\t\t\t>PSYCHOLOGUE & PSYCHANALYSTE \n\t\t\t\t\t\t\t<\/rs-layer><!--\n\n\t\t\t\t\t\t\t--><a\n\t\t\t\t\t\t\t\tid=\"slider-2-slide-2-layer-3\" \n\t\t\t\t\t\t\t\tclass=\"rs-layer rev-btn\"\n\t\t\t\t\t\t\t\thref=\"https:\/\/www.doctolib.fr\/psychologue\/paris\/mauricio-rugeles-schoonewolff\/booking\/motives?specialityId=14&telehealth=false&placeId=practice-171569&bookingFunnelSource=profile\" target=\"_self\"\n\t\t\t\t\t\t\t\tdata-type=\"button\"\n\t\t\t\t\t\t\t\tdata-bsh=\"c:rgba(0,0,0,0.5);\"\n\t\t\t\t\t\t\t\tdata-rsp_ch=\"on\"\n\t\t\t\t\t\t\t\tdata-xy=\"x:l,r,r,c;xo:1083px,70px,70px,0;y:t,t,t,m;yo:634px,534px,534px,200px;\"\n\t\t\t\t\t\t\t\tdata-text=\"w:normal;s:20,18,18,17;l:40,33,33,30;fw:500,500,500,700;a:left,center,center,center;\"\n\t\t\t\t\t\t\t\tdata-dim=\"w:auto,160px,160px,184px;h:auto,41px,41px,60px;minh:0px,none,0px,none;\"\n\t\t\t\t\t\t\t\tdata-padding=\"t:10,8,8,16;r:25,21,21,10;b:10,8,8,0;l:25,21,21,10;\"\n\t\t\t\t\t\t\t\tdata-frame_0=\"x:0,0,0,0px;y:0,0,0,0px;\"\n\t\t\t\t\t\t\t\tdata-frame_1=\"x:0,0,0,0px;y:0,0,0,0px;\"\n\t\t\t\t\t\t\t\tdata-frame_999=\"o:0;st:w;\"\n\t\t\t\t\t\t\t\tdata-frame_hover=\"bgc:#8e8e93;bor:0px,0px,0px,0px;bri:120%;\"\n\t\t\t\t\t\t\t\tstyle=\"z-index:11;background-color:#a69d93;font-family:Roboto;\"\n\t\t\t\t\t\t\t>PRENDRE RDV \n\t\t\t\t\t\t\t<\/a><!--\n-->\t\t\t\t\t\t<\/rs-slide>\n\t\t\t\t\t<\/rs-slides>\n\t\t\t\t<\/rs-module>\n\t\t\t\t<script type=\"text\/javascript\">\n\t\t\t\t\tsetREVStartSize({c: 'rev_slider_2_1',rl:[1240,1024,1024,480],el:[900,768,768,720],gw:[1240,1024,1024,480],gh:[900,768,768,720],type:'standard',justify:'',layout:'fullwidth',mh:\"0\"});\n\t\t\t\t\tvar\trevapi2,\n\t\t\t\t\t\ttpj;\n\t\t\t\t\tfunction revinit_revslider21() {\n\t\t\t\t\tjQuery(function() {\n\t\t\t\t\t\ttpj = jQuery;\n\t\t\t\t\t\trevapi2 = tpj(\"#rev_slider_2_1\");\n\t\t\t\t\t\tif(revapi2==undefined || revapi2.revolution == undefined){\n\t\t\t\t\t\t\trevslider_showDoubleJqueryError(\"rev_slider_2_1\");\n\t\t\t\t\t\t}else{\n\t\t\t\t\t\t\trevapi2.revolution({\n\t\t\t\t\t\t\t\tDPR:\"dpr\",\n\t\t\t\t\t\t\t\tsliderLayout:\"fullwidth\",\n\t\t\t\t\t\t\t\tvisibilityLevels:\"1240,1024,1024,480\",\n\t\t\t\t\t\t\t\tgridwidth:\"1240,1024,1024,480\",\n\t\t\t\t\t\t\t\tgridheight:\"900,768,768,720\",\n\t\t\t\t\t\t\t\tperspective:600,\n\t\t\t\t\t\t\t\tperspectiveType:\"global\",\n\t\t\t\t\t\t\t\teditorheight:\"900,768,584,720\",\n\t\t\t\t\t\t\t\tresponsiveLevels:\"1240,1024,1024,480\",\n\t\t\t\t\t\t\t\tprogressBar:{disableProgressBar:true},\n\t\t\t\t\t\t\t\tnavigation: {\n\t\t\t\t\t\t\t\t\tonHoverStop:false\n\t\t\t\t\t\t\t\t},\n\t\t\t\t\t\t\t\tfallbacks: {\n\t\t\t\t\t\t\t\t\tallowHTML5AutoPlayOnAndroid:true\n\t\t\t\t\t\t\t\t},\n\t\t\t\t\t\t\t});\n\t\t\t\t\t\t}\n\t\t\t\t\t\t\n\t\t\t\t\t});\n\t\t\t\t\t} \/\/ End of RevInitScript\n\t\t\t\tvar once_revslider21 = false;\n\t\t\t\tif (document.readyState === \"loading\") {document.addEventListener('readystatechange',function() { if((document.readyState === \"interactive\" || document.readyState === \"complete\") && !once_revslider21 ) { once_revslider21 = true; revinit_revslider21();}});} else {once_revslider21 = true; revinit_revslider21();}\n\t\t\t\t<\/script>\n\t\t\t<\/rs-module-wrap>\n\t\t\t<!-- END REVOLUTION SLIDER -->\n\n\n\n\n<div class=\"wp-block-media-text has-media-on-the-right is-stacked-on-mobile has-background\" style=\"background-color:#f6f1ed;padding-top:1.9rem;padding-right:0rem;padding-bottom:1.9rem;padding-left:0rem;grid-template-columns:auto 40%\"><div class=\"wp-block-media-text__content\">\n<p class=\"has-medium-font-size\">Avec une exp\u00e9rience clinique en psychanalyse de pr\u00e8s de dix ans, je propose des consultations en psychologie clinique, psychoth\u00e9rapie et psychanalyse dans mon cabinet situ\u00e9 dans le 14e arrondissement.<\/p>\n\n\n\n<p class=\"has-medium-font-size\">Gr\u00e2ce \u00e0 mes formations en psychopathologie et psychanalyse, je suis titulaire d&rsquo;un doctorat en psychopathologie clinique de l&rsquo;Universit\u00e9 Rennes 2. J&rsquo;ai \u00e9galement obtenu un doctorat en philosophie de l&rsquo;Universit\u00e9 Paris 8.<\/p>\n\n\n\n<p class=\"has-medium-font-size\">Ma sp\u00e9cialit\u00e9 r\u00e9side dans la psychopathologie des adultes et des adolescents, en particulier les crises d&rsquo;anxi\u00e9t\u00e9, de d\u00e9pression, les probl\u00e8mes de couple, les addictions et le burn-out.<\/p>\n\n\n\n<p class=\"has-medium-font-size\">En plus de mon travail en tant que praticien ind\u00e9pendant, j&rsquo;ai une longue exp\u00e9rience de travail en institution, notamment en tant que dernier poste occup\u00e9 dans un \u00e9tablissement hospitalier (S.S.R.), o\u00f9 j&rsquo;ai mis en \u0153uvre mes comp\u00e9tences pour le suivi des troubles psychosomatiques.<\/p>\n<\/div><figure class=\"wp-block-media-text__media\"><img loading=\"lazy\" decoding=\"async\" width=\"1024\" height=\"683\" src=\"https:\/\/mauriciorugelesschoonewolff.com\/wp-content\/uploads\/2025\/08\/IMG_1054-1024x683.png\" alt=\"\" class=\"wp-image-13 size-full\" srcset=\"https:\/\/mauriciorugelesschoonewolff.com\/wp-content\/uploads\/2025\/08\/IMG_1054-1024x683.png 1024w, https:\/\/mauriciorugelesschoonewolff.com\/wp-content\/uploads\/2025\/08\/IMG_1054-300x200.png 300w, https:\/\/mauriciorugelesschoonewolff.com\/wp-content\/uploads\/2025\/08\/IMG_1054-768x512.png 768w, https:\/\/mauriciorugelesschoonewolff.com\/wp-content\/uploads\/2025\/08\/IMG_1054-1536x1024.png 1536w, https:\/\/mauriciorugelesschoonewolff.com\/wp-content\/uploads\/2025\/08\/IMG_1054-2048x1365.png 2048w\" sizes=\"auto, (max-width: 1024px) 100vw, 1024px\" \/><\/figure><\/div>\n\n\n\n\n\t\t\t<!-- START Footer REVOLUTION SLIDER 6.4.6 --><p class=\"rs-p-wp-fix\"><\/p>\n\t\t\t<rs-module-wrap id=\"rev_slider_3_2_wrapper\" data-source=\"gallery\" style=\"background:transparent;padding:0;margin:0px auto;margin-top:0;margin-bottom:0;\">\n\t\t\t\t<rs-module id=\"rev_slider_3_2\" style=\"\" data-version=\"6.4.6\">\n\t\t\t\t\t<rs-slides>\n\t\t\t\t\t\t<rs-slide data-key=\"rs-3\" data-title=\"Slide\" data-in=\"o:0;\" data-out=\"a:false;\">\n\t\t\t\t\t\t\t<img decoding=\"async\" src=\"\/\/mauriciorugelesschoonewolff.com\/wp-content\/uploads\/2025\/05\/footer-image.png\" class=\"rev-slidebg tp-rs-img\" data-bg=\"p:right center;\" data-no-retina>\n<!--\n\t\t\t\t\t\t\t--><rs-layer\n\t\t\t\t\t\t\t\tid=\"slider-3-slide-3-layer-0\" \n\t\t\t\t\t\t\t\tdata-type=\"shape\"\n\t\t\t\t\t\t\t\tdata-rsp_ch=\"on\"\n\t\t\t\t\t\t\t\tdata-xy=\"xo:-614px,-507px,-507px,-255px;yo:-471px,-388px,-388px,-179px;\"\n\t\t\t\t\t\t\t\tdata-text=\"w:normal;s:20,16,16,7;l:0,20,20,9;\"\n\t\t\t\t\t\t\t\tdata-dim=\"w:2399,1981,1981,970.986px;h:1440,1189,1189,965.997px;\"\n\t\t\t\t\t\t\t\tdata-frame_999=\"o:0;st:w;\"\n\t\t\t\t\t\t\t\tstyle=\"z-index:8;background:linear-gradient(90deg, rgba(12,12,12,0.8) 0%, rgba(114,114,114,0.8) 50%, rgba(195,195,195,0) 90%, rgba(215,215,215,0) 100%);\"\n\t\t\t\t\t\t\t> \n\t\t\t\t\t\t\t<\/rs-layer><!--\n\n\t\t\t\t\t\t\t--><rs-layer\n\t\t\t\t\t\t\t\tid=\"slider-3-slide-3-layer-1\" \n\t\t\t\t\t\t\t\tdata-type=\"text\"\n\t\t\t\t\t\t\t\tdata-rsp_ch=\"on\"\n\t\t\t\t\t\t\t\tdata-xy=\"xo:48px,39px,39px,30px;yo:400px,330px,330px,406px;\"\n\t\t\t\t\t\t\t\tdata-text=\"w:normal;s:20,16,16,18;l:25,20,20,22;\"\n\t\t\t\t\t\t\t\tdata-frame_999=\"o:0;st:w;\"\n\t\t\t\t\t\t\t\tstyle=\"z-index:10;font-family:Roboto;\"\n\t\t\t\t\t\t\t>Sant\u00e9 Odessa<br \/>\n16 Bis Rue d'Odessa, 75014 Paris \n\t\t\t\t\t\t\t<\/rs-layer><!--\n\n\t\t\t\t\t\t\t--><rs-layer\n\t\t\t\t\t\t\t\tid=\"slider-3-slide-3-layer-2\" \n\t\t\t\t\t\t\t\tdata-type=\"text\"\n\t\t\t\t\t\t\t\tdata-rsp_ch=\"on\"\n\t\t\t\t\t\t\t\tdata-xy=\"xo:48px,39px,39px,31px;yo:354px,292px,292px,379px;\"\n\t\t\t\t\t\t\t\tdata-text=\"w:normal;s:24,19,19,20;l:25,20,20,9;fw:400,400,400,700;\"\n\t\t\t\t\t\t\t\tdata-dim=\"h:auto,auto,auto,40.992999999999995px;\"\n\t\t\t\t\t\t\t\tdata-frame_999=\"o:0;st:w;\"\n\t\t\t\t\t\t\t\tstyle=\"z-index:12;font-family:Roboto;\"\n\t\t\t\t\t\t\t>Adresse \n\t\t\t\t\t\t\t<\/rs-layer><!--\n\n\t\t\t\t\t\t\t--><rs-layer\n\t\t\t\t\t\t\t\tid=\"slider-3-slide-3-layer-3\" \n\t\t\t\t\t\t\t\tdata-type=\"text\"\n\t\t\t\t\t\t\t\tdata-rsp_ch=\"on\"\n\t\t\t\t\t\t\t\tdata-xy=\"xo:44px,36px,36px,32px;yo:76px,62px,62px,155px;\"\n\t\t\t\t\t\t\t\tdata-text=\"w:normal;s:24,19,19,20;l:25,20,20,9;fw:400,400,400,700;\"\n\t\t\t\t\t\t\t\tdata-dim=\"h:auto,auto,auto,87px;\"\n\t\t\t\t\t\t\t\tdata-frame_999=\"o:0;st:w;\"\n\t\t\t\t\t\t\t\tstyle=\"z-index:11;font-family:Roboto;\"\n\t\t\t\t\t\t\t>Horaires d'ouverture \n\t\t\t\t\t\t\t<\/rs-layer><!--\n\n\t\t\t\t\t\t\t--><rs-layer\n\t\t\t\t\t\t\t\tid=\"slider-3-slide-3-layer-4\" \n\t\t\t\t\t\t\t\tdata-type=\"text\"\n\t\t\t\t\t\t\t\tdata-rsp_ch=\"on\"\n\t\t\t\t\t\t\t\tdata-xy=\"xo:42px,34px,34px,37px;yo:112px,92px,92px,185px;\"\n\t\t\t\t\t\t\t\tdata-text=\"w:normal;s:20,16,16,18;l:25,20,20,19;\"\n\t\t\t\t\t\t\t\tdata-frame_999=\"o:0;st:w;\"\n\t\t\t\t\t\t\t\tstyle=\"z-index:9;font-family:Roboto;\"\n\t\t\t\t\t\t\t>Lundi :<br \/>\n10h00 - 20h00<br \/>\nMercredi :<br \/>\n10h00 - 20h00<br \/>\nJeudi :<br \/>\n10h00 - 20h00<br \/>\nVendredi :<br \/>\n10h00 - 16h00 \n\t\t\t\t\t\t\t<\/rs-layer><!--\n\n\t\t\t\t\t\t\t--><a\n\t\t\t\t\t\t\t\tid=\"slider-3-slide-3-layer-5\" \n\t\t\t\t\t\t\t\tclass=\"rs-layer rev-btn\"\n\t\t\t\t\t\t\t\thref=\"https:\/\/www.doctolib.fr\/psychologue\/paris\/mauricio-rugeles-schoonewolff\/booking\/motives?specialityId=14&telehealth=false&placeId=practice-171569&bookingFunnelSource=profile\" target=\"_self\"\n\t\t\t\t\t\t\t\tdata-type=\"button\"\n\t\t\t\t\t\t\t\tdata-rsp_ch=\"on\"\n\t\t\t\t\t\t\t\tdata-xy=\"x:l,l,l,c;xo:50px,41px,41px,0;yo:514px,424px,424px,542px;\"\n\t\t\t\t\t\t\t\tdata-text=\"w:normal;s:20,16,16,21;l:50,41,41,56;fw:500;\"\n\t\t\t\t\t\t\t\tdata-dim=\"minh:0px,none,0px,none;\"\n\t\t\t\t\t\t\t\tdata-padding=\"r:20,17,17,24;l:20,17,17,24;\"\n\t\t\t\t\t\t\t\tdata-frame_0=\"x:0,0,0,0px;y:0,0,0,0px;\"\n\t\t\t\t\t\t\t\tdata-frame_1=\"x:0,0,0,0px;y:0,0,0,0px;\"\n\t\t\t\t\t\t\t\tdata-frame_999=\"o:0;st:w;\"\n\t\t\t\t\t\t\t\tdata-frame_hover=\"bgc:#a69d93;bor:0px,0px,0px,0px;sp:200;e:power1.inOut;\"\n\t\t\t\t\t\t\t\tstyle=\"z-index:13;background-color:rgba(0,0,0,0.49);font-family:Roboto;\"\n\t\t\t\t\t\t\t>PRENDRE RDV \n\t\t\t\t\t\t\t<\/a><!--\n-->\t\t\t\t\t\t<\/rs-slide>\n\t\t\t\t\t<\/rs-slides>\n\t\t\t\t<\/rs-module>\n\t\t\t\t<script type=\"text\/javascript\">\n\t\t\t\t\tsetREVStartSize({c: 'rev_slider_3_2',rl:[1240,1024,1024,480],el:[900,767.986,767.986,720],gw:[1240,1024,1024,480],gh:[900,768,768,720],type:'standard',justify:'',layout:'fullwidth',mh:\"0\"});\n\t\t\t\t\tvar\trevapi3,\n\t\t\t\t\t\ttpj;\n\t\t\t\t\tfunction revinit_revslider32() {\n\t\t\t\t\tjQuery(function() {\n\t\t\t\t\t\ttpj = jQuery;\n\t\t\t\t\t\trevapi3 = tpj(\"#rev_slider_3_2\");\n\t\t\t\t\t\tif(revapi3==undefined || revapi3.revolution == undefined){\n\t\t\t\t\t\t\trevslider_showDoubleJqueryError(\"rev_slider_3_2\");\n\t\t\t\t\t\t}else{\n\t\t\t\t\t\t\trevapi3.revolution({\n\t\t\t\t\t\t\t\tDPR:\"dpr\",\n\t\t\t\t\t\t\t\tsliderLayout:\"fullwidth\",\n\t\t\t\t\t\t\t\tvisibilityLevels:\"1240,1024,1024,480\",\n\t\t\t\t\t\t\t\tgridwidth:\"1240,1024,1024,480\",\n\t\t\t\t\t\t\t\tgridheight:\"900,768,768,720\",\n\t\t\t\t\t\t\t\tperspective:600,\n\t\t\t\t\t\t\t\tperspectiveType:\"global\",\n\t\t\t\t\t\t\t\teditorheight:\"900,767.986,960,720\",\n\t\t\t\t\t\t\t\tresponsiveLevels:\"1240,1024,1024,480\",\n\t\t\t\t\t\t\t\tprogressBar:{disableProgressBar:true},\n\t\t\t\t\t\t\t\tnavigation: {\n\t\t\t\t\t\t\t\t\tonHoverStop:false\n\t\t\t\t\t\t\t\t},\n\t\t\t\t\t\t\t\tfallbacks: {\n\t\t\t\t\t\t\t\t\tallowHTML5AutoPlayOnAndroid:true\n\t\t\t\t\t\t\t\t},\n\t\t\t\t\t\t\t});\n\t\t\t\t\t\t}\n\t\t\t\t\t\t\n\t\t\t\t\t});\n\t\t\t\t\t} \/\/ End of RevInitScript\n\t\t\t\tvar once_revslider32 = false;\n\t\t\t\tif (document.readyState === \"loading\") {document.addEventListener('readystatechange',function() { if((document.readyState === \"interactive\" || document.readyState === \"complete\") && !once_revslider32 ) { once_revslider32 = true; revinit_revslider32();}});} else {once_revslider32 = true; revinit_revslider32();}\n\t\t\t\t<\/script>\n\t\t\t<\/rs-module-wrap>\n\t\t\t<!-- END REVOLUTION SLIDER -->\n\n","protected":false},"excerpt":{"rendered":"<p>Avec une exp\u00e9rience clinique en psychanalyse de pr\u00e8s de dix ans, je propose des consultations en psychologie clinique, psychoth\u00e9rapie et [&hellip;]<\/p>\n","protected":false},"author":1,"featured_media":0,"parent":0,"menu_order":0,"comment_status":"closed","ping_status":"closed","template":"","meta":{"site-sidebar-layout":"no-sidebar","site-content-layout":"","ast-site-content-layout":"default","site-content-style":"unboxed","site-sidebar-style":"default","ast-global-header-display":"disabled","ast-banner-title-visibility":"","ast-main-header-display":"","ast-hfb-above-header-display":"","ast-hfb-below-header-display":"","ast-hfb-mobile-header-display":"disabled","site-post-title":"disabled","ast-breadcrumbs-content":"","ast-featured-img":"","footer-sml-layout":"disabled","theme-transparent-header-meta":"","adv-header-id-meta":"","stick-header-meta":"","header-above-stick-meta":"","header-main-stick-meta":"","header-below-stick-meta":"","astra-migrate-meta-layouts":"default","ast-page-background-enabled":"default","ast-page-background-meta":{"desktop":{"background-color":"var(--ast-global-color-5)","background-image":"","background-repeat":"repeat","background-position":"center center","background-size":"auto","background-attachment":"scroll","background-type":"","background-media":"","overlay-type":"","overlay-color":"","overlay-opacity":"","overlay-gradient":""},"tablet":{"background-color":"","background-image":"","background-repeat":"repeat","background-position":"center center","background-size":"auto","background-attachment":"scroll","background-type":"","background-media":"","overlay-type":"","overlay-color":"","overlay-opacity":"","overlay-gradient":""},"mobile":{"background-color":"","background-image":"","background-repeat":"repeat","background-position":"center center","background-size":"auto","background-attachment":"scroll","background-type":"","background-media":"","overlay-type":"","overlay-color":"","overlay-opacity":"","overlay-gradient":""}},"ast-content-background-meta":{"desktop":{"background-color":"var(--ast-global-color-4)","background-image":"","background-repeat":"repeat","background-position":"center center","background-size":"auto","background-attachment":"scroll","background-type":"","background-media":"","overlay-type":"","overlay-color":"","overlay-opacity":"","overlay-gradient":""},"tablet":{"background-color":"var(--ast-global-color-4)","background-image":"","background-repeat":"repeat","background-position":"center center","background-size":"auto","background-attachment":"scroll","background-type":"","background-media":"","overlay-type":"","overlay-color":"","overlay-opacity":"","overlay-gradient":""},"mobile":{"background-color":"var(--ast-global-color-4)","background-image":"","background-repeat":"repeat","background-position":"center center","background-size":"auto","background-attachment":"scroll","background-type":"","background-media":"","overlay-type":"","overlay-color":"","overlay-opacity":"","overlay-gradient":""}},"footnotes":""},"class_list":["post-11","page","type-page","status-publish","hentry"],"_links":{"self":[{"href":"https:\/\/mauriciorugelesschoonewolff.com\/index.php\/wp-json\/wp\/v2\/pages\/11","targetHints":{"allow":["GET"]}}],"collection":[{"href":"https:\/\/mauriciorugelesschoonewolff.com\/index.php\/wp-json\/wp\/v2\/pages"}],"about":[{"href":"https:\/\/mauriciorugelesschoonewolff.com\/index.php\/wp-json\/wp\/v2\/types\/page"}],"author":[{"embeddable":true,"href":"https:\/\/mauriciorugelesschoonewolff.com\/index.php\/wp-json\/wp\/v2\/users\/1"}],"replies":[{"embeddable":true,"href":"https:\/\/mauriciorugelesschoonewolff.com\/index.php\/wp-json\/wp\/v2\/comments?post=11"}],"version-history":[{"count":2,"href":"https:\/\/mauriciorugelesschoonewolff.com\/index.php\/wp-json\/wp\/v2\/pages\/11\/revisions"}],"predecessor-version":[{"id":18,"href":"https:\/\/mauriciorugelesschoonewolff.com\/index.php\/wp-json\/wp\/v2\/pages\/11\/revisions\/18"}],"wp:attachment":[{"href":"https:\/\/mauriciorugelesschoonewolff.com\/index.php\/wp-json\/wp\/v2\/media?parent=11"}],"curies":[{"name":"wp","href":"https:\/\/api.w.org\/{rel}","templated":true}]}}